{"id":6232,"date":"2021-08-17T18:56:59","date_gmt":"2021-08-17T18:56:59","guid":{"rendered":"http:\/\/cocula.gob.mx\/?page_id=6232"},"modified":"2024-11-26T20:10:31","modified_gmt":"2024-11-26T20:10:31","slug":"unidad-especializada-policial-de-atencion-a-mujeres-victimas-de-violencia","status":"publish","type":"page","link":"https:\/\/cocula.gob.mx\/?page_id=6232","title":{"rendered":"Unidad Especializada Policial de Atenci\u00f3n a Mujeres V\u00edctimas de Violencia (UEPAMVV)"},"content":{"rendered":"\t\t<div data-elementor-type=\"wp-page\" data-elementor-id=\"6232\" class=\"elementor elementor-6232\">\n\t\t\t\t\t\t<section class=\"elementor-section elementor-top-section elementor-element elementor-element-a0765fd elementor-section-boxed elementor-section-height-default elementor-section-height-default\" data-id=\"a0765fd\" data-element_type=\"section\" data-e-type=\"section\">\n\t\t\t\t\t\t<div class=\"elementor-container elementor-column-gap-default\">\n\t\t\t\t\t<div class=\"elementor-column elementor-col-100 elementor-top-column elementor-element elementor-element-24d7852\" data-id=\"24d7852\" data-element_type=\"column\" data-e-type=\"column\">\n\t\t\t<div class=\"elementor-widget-wrap elementor-element-populated\">\n\t\t\t\t\t\t<div class=\"elementor-element elementor-element-369b3f6 elementor-widget elementor-widget-heading\" data-id=\"369b3f6\" data-element_type=\"widget\" data-e-type=\"widget\" data-widget_type=\"heading.default\">\n\t\t\t\t<div class=\"elementor-widget-container\">\n\t\t\t\t\t<h2 class=\"elementor-heading-title elementor-size-large\">Unidad Especializada Policial de Atenci\u00f3n a Mujeres V\u00edctimas de Violencia <\/h2>\t\t\t\t<\/div>\n\t\t\t\t<\/div>\n\t\t\t\t\t<\/div>\n\t\t<\/div>\n\t\t\t\t\t<\/div>\n\t\t<\/section>\n\t\t\t\t<section class=\"elementor-section elementor-top-section elementor-element elementor-element-2dcb93a elementor-section-boxed elementor-section-height-default elementor-section-height-default\" data-id=\"2dcb93a\" data-element_type=\"section\" data-e-type=\"section\">\n\t\t\t\t\t\t<div class=\"elementor-container elementor-column-gap-default\">\n\t\t\t\t\t<div class=\"elementor-column elementor-col-66 elementor-top-column elementor-element elementor-element-3add801\" data-id=\"3add801\" data-element_type=\"column\" data-e-type=\"column\">\n\t\t\t<div class=\"elementor-widget-wrap elementor-element-populated\">\n\t\t\t\t\t\t<div class=\"elementor-element elementor-element-a9ac77b elementor-widget elementor-widget-text-editor\" data-id=\"a9ac77b\" data-element_type=\"widget\" data-e-type=\"widget\" data-widget_type=\"text-editor.default\">\n\t\t\t\t<div class=\"elementor-widget-container\">\n\t\t\t\t\t\t\t\t\t<p class=\"MsoNormal\"><span style=\"font-size:16.0pt;line-height:107%;font-family: &quot;Arial&quot;,sans-serif\">Creada para reforzar las acciones y medidas de prevenci\u00f3n,<br>atenci\u00f3n, seguridad y acceso a la justicia para las mujeres.<o:p><\/o:p><\/span><\/p>\n<p class=\"MsoNormal\"><span style=\"font-size:16.0pt;line-height:107%;font-family: &quot;Arial&quot;,sans-serif\">La UEPAMVV es una unidad cuyo principal objetivo es brindar<br>protecci\u00f3n especializada a mujeres v\u00edctimas de violencia, d\u00e1ndole la seguridad<br>a sus Derechos Humanos con Perspectiva de G\u00e9nero.<\/span><\/p>\t\t\t\t\t\t\t\t<\/div>\n\t\t\t\t<\/div>\n\t\t\t\t\t<\/div>\n\t\t<\/div>\n\t\t\t\t<div class=\"elementor-column elementor-col-33 elementor-top-column elementor-element elementor-element-5bafbe9\" data-id=\"5bafbe9\" data-element_type=\"column\" data-e-type=\"column\">\n\t\t\t<div class=\"elementor-widget-wrap elementor-element-populated\">\n\t\t\t\t\t\t<div class=\"elementor-element elementor-element-903b3b5 animated-slow elementor-invisible elementor-widget elementor-widget-image\" data-id=\"903b3b5\" data-element_type=\"widget\" data-e-type=\"widget\" data-settings=\"{&quot;_animation&quot;:&quot;bounceIn&quot;}\" data-widget_type=\"image.default\">\n\t\t\t\t<div class=\"elementor-widget-container\">\n\t\t\t\t\t\t\t\t\t\t\t\t\t\t\t<img decoding=\"async\" src=\"https:\/\/cocula.gob.mx\/wp-content\/uploads\/2024\/11\/UEPAMVV-PAGINA-WWW-01-730x1080.jpg\" title=\"UEPAMVV PAGINA WWW-01\" alt=\"UEPAMVV PAGINA WWW-01\" loading=\"lazy\" \/>\t\t\t\t\t\t\t\t\t\t\t\t\t\t\t<\/div>\n\t\t\t\t<\/div>\n\t\t\t\t\t<\/div>\n\t\t<\/div>\n\t\t\t\t\t<\/div>\n\t\t<\/section>\n\t\t\t\t<section class=\"elementor-section elementor-top-section elementor-element elementor-element-2fe4366 elementor-section-boxed elementor-section-height-default elementor-section-height-default\" data-id=\"2fe4366\" data-element_type=\"section\" data-e-type=\"section\">\n\t\t\t\t\t\t<div class=\"elementor-container elementor-column-gap-default\">\n\t\t\t\t\t<div class=\"elementor-column elementor-col-100 elementor-top-column elementor-element elementor-element-8aec314\" data-id=\"8aec314\" data-element_type=\"column\" data-e-type=\"column\">\n\t\t\t<div class=\"elementor-widget-wrap elementor-element-populated\">\n\t\t\t\t\t\t<div class=\"elementor-element elementor-element-5933d3f elementor-widget elementor-widget-text-editor\" data-id=\"5933d3f\" data-element_type=\"widget\" data-e-type=\"widget\" data-widget_type=\"text-editor.default\">\n\t\t\t\t<div class=\"elementor-widget-container\">\n\t\t\t\t\t\t\t\t\t<p><span style=\"font-size: 18pt; color: #000000;\"><strong>\u00bfQu\u00e9 es la UEPAMVV?<\/strong><\/span><\/p><p><span style=\"font-size: 18pt; color: #999999;\">Es una unidad especializada en actuar ante actos violentos atentados hacia la mujer, brindando orientaci\u00f3n y apoyo en \u00e1reas capacitadas en temas de violencia de g\u00e9nero, con la finalidad de salvaguardar su integridad f\u00edsica y psicol\u00f3gica; as\u00ed como realizar acciones para prevenir y erradicar cualquier tipo de violencia.<\/span><\/p><p><span style=\"font-size: 18pt; color: #999999;\">En esta unidad se brinda:<\/span><\/p><ul><li><span style=\"font-size: 18pt; color: #999999;\">Orientaci\u00f3n legal.<\/span><\/li><li><span style=\"font-size: 18pt; color: #999999;\">Orientaci\u00f3n psicol\u00f3gica.<\/span><\/li><li><span style=\"font-size: 18pt; color: #999999;\">Orientaci\u00f3n social.<\/span><\/li><li><span style=\"font-size: 18pt; color: #999999;\">Protecci\u00f3n policial capacitada en actuaci\u00f3n por el bienestar de la mujer.<\/span><\/li><\/ul><p><span style=\"font-size: 18pt; color: #000000;\"><strong>\u00bfCu\u00e1l es la funci\u00f3n de la (UEPAMVV)?<\/strong><\/span><\/p><p><span style=\"font-size: 18pt; color: #999999;\">Brinda protecci\u00f3n completa especializada en salvaguardar la vida y la integridad de los ciudadanos en general; dando seguridad y comprometidos en combatir la violencia de g\u00e9nero, promocionando los derechos de las mujeres, acompa\u00f1\u00e1ndolas a ser libres de actos violentos y estableciendo estrategias, l\u00edneas de acci\u00f3n y atenci\u00f3n oportuna.<\/span><\/p><p><span style=\"font-size: 18pt; color: #000000;\"><strong>\u00bfCu\u00e1l es el apoyo que brinda la Unidad?<\/strong><\/span><\/p><p><span style=\"font-size: 18pt; color: #999999;\">Identificar de manera oportuna casos de violencia de g\u00e9nero especializados en la mujer.<\/span><\/p><p><span style=\"font-size: 18pt; color: #999999;\">Implementar acciones a la protecci\u00f3n y seguridad de las v\u00edctimas.<\/span><\/p><p><span style=\"font-size: 18pt; color: #999999;\">Identificar las principales necesidades de las v\u00edctimas, en situaciones o problemas de violencia familiar, para brindar el apoyo inmediato.<\/span><\/p><p><span style=\"font-size: 18pt; color: #999999;\">Orientar y dar a conocer a la v\u00edctima alternativas institucionales o sociales que apoyen el enfrentamiento de su situaci\u00f3n de violencia.<\/span><\/p><p><span style=\"font-size: 18pt; color: #999999;\">Evitar una segunda victimizaci\u00f3n.<\/span><\/p><p><span style=\"font-size: 18pt; color: #000000;\"><strong>C\u00f3digo Violeta<\/strong><\/span><\/p><p><span style=\"font-size: 18pt; color: #999999;\">Una de las acciones principales emergentes que brinda la UEPAMVV, es el C\u00d3DIGO VIOLETA, como parte del plan COVID-19 de apoyo a las mujeres: \u201cQu\u00e9date en casa, Qu\u00e9date Segura\u201d.<\/span><\/p><p><span style=\"font-size: 18pt; color: #999999;\">La creaci\u00f3n del C\u00f3digo Violeta brinda la atenci\u00f3n prioritaria en casos de violencia familiar. En caso de que una mujer viva una emergencia por violencia o sienta que su vida, o en su caso, la de sus hijas e hijos corren riesgo, debe llamar al 911 y decir: \u201cC\u00f3digo Violeta\u201d.<\/span><\/p><p><span style=\"font-size: 18pt; color: #999999;\">Estas acciones, en conjunto con las l\u00edneas de contenci\u00f3n emocional para mujeres y hombres, son una estrategia integral para prevenir las violencias en los hogares durante el aislamiento temporal por coronavirus.<\/span><\/p><p><span style=\"font-size: 18pt; color: #999999;\">Recuerda, no est\u00e1s sola.<\/span><\/p>\t\t\t\t\t\t\t\t<\/div>\n\t\t\t\t<\/div>\n\t\t\t\t\t<\/div>\n\t\t<\/div>\n\t\t\t\t\t<\/div>\n\t\t<\/section>\n\t\t\t\t<section class=\"elementor-section elementor-top-section elementor-element elementor-element-5d83f18 elementor-section-boxed elementor-section-height-default elementor-section-height-default\" data-id=\"5d83f18\" data-element_type=\"section\" data-e-type=\"section\">\n\t\t\t\t\t\t<div class=\"elementor-container elementor-column-gap-default\">\n\t\t\t\t\t<div class=\"elementor-column elementor-col-66 elementor-top-column elementor-element elementor-element-486657f\" data-id=\"486657f\" data-element_type=\"column\" data-e-type=\"column\">\n\t\t\t<div class=\"elementor-widget-wrap elementor-element-populated\">\n\t\t\t\t\t\t<div class=\"elementor-element elementor-element-0ab106a elementor-widget elementor-widget-text-editor\" data-id=\"0ab106a\" data-element_type=\"widget\" data-e-type=\"widget\" data-widget_type=\"text-editor.default\">\n\t\t\t\t<div class=\"elementor-widget-container\">\n\t\t\t\t\t\t\t\t\t<p><span style=\"font-size: 18pt; color: #000000;\"><strong>Contacto<\/strong><\/span><\/p>\n<p><span style=\"font-size: 18pt;\">La Unidad est\u00e1 ubicada en el interior de presidencia municipal, con domicilio en Portal Obreg\u00f3n No.30.<\/span><\/p><p><span style=\"font-size:16.0pt;line-height:107%;font-family:\n&quot;Arial&quot;,sans-serif\">En caso de sentirte en peligro, llama al 911 y di \u201csoy\nC\u00f3digo Violeta\u201d, elementos especializados de polic\u00eda te auxiliar\u00e1n de manera\ninmediata y confidencial.<\/span><\/p>\n<p><span style=\"font-size: 18pt; color: #000000;\">L\u00edneas directas:<\/span><\/p>\n<p><span style=\"font-size: 18pt; color: #000000;\">377 773 2832<\/span><\/p>\n<p><span style=\"font-size: 18pt; color: #000000;\">377 773 2987<\/span><\/p>\t\t\t\t\t\t\t\t<\/div>\n\t\t\t\t<\/div>\n\t\t\t\t\t<\/div>\n\t\t<\/div>\n\t\t\t\t<div class=\"elementor-column elementor-col-33 elementor-top-column elementor-element elementor-element-ba1b3f5\" data-id=\"ba1b3f5\" data-element_type=\"column\" data-e-type=\"column\">\n\t\t\t<div class=\"elementor-widget-wrap elementor-element-populated\">\n\t\t\t\t\t\t<div class=\"elementor-element elementor-element-f1a8460 elementor-widget elementor-widget-image\" data-id=\"f1a8460\" data-element_type=\"widget\" data-e-type=\"widget\" data-widget_type=\"image.default\">\n\t\t\t\t<div class=\"elementor-widget-container\">\n\t\t\t\t\t\t\t\t\t\t\t\t\t\t\t<img fetchpriority=\"high\" decoding=\"async\" width=\"452\" height=\"611\" src=\"https:\/\/cocula.gob.mx\/wp-content\/uploads\/2021\/08\/Imagen1.png\" class=\"attachment-large size-large wp-image-6234\" alt=\"\" srcset=\"https:\/\/cocula.gob.mx\/wp-content\/uploads\/2021\/08\/Imagen1.png 452w, https:\/\/cocula.gob.mx\/wp-content\/uploads\/2021\/08\/Imagen1-222x300.png 222w\" sizes=\"(max-width: 452px) 100vw, 452px\" \/>\t\t\t\t\t\t\t\t\t\t\t\t\t\t\t<\/div>\n\t\t\t\t<\/div>\n\t\t\t\t\t<\/div>\n\t\t<\/div>\n\t\t\t\t\t<\/div>\n\t\t<\/section>\n\t\t\t\t<section class=\"elementor-section elementor-top-section elementor-element elementor-element-7a17399 elementor-section-boxed elementor-section-height-default elementor-section-height-default\" data-id=\"7a17399\" data-element_type=\"section\" data-e-type=\"section\">\n\t\t\t\t\t\t<div class=\"elementor-container elementor-column-gap-default\">\n\t\t\t\t\t<div class=\"elementor-column elementor-col-100 elementor-top-column elementor-element elementor-element-acb4ade\" data-id=\"acb4ade\" data-element_type=\"column\" data-e-type=\"column\">\n\t\t\t<div class=\"elementor-widget-wrap elementor-element-populated\">\n\t\t\t\t\t\t<div class=\"elementor-element elementor-element-6fc4cd7 elementor-widget elementor-widget-image\" data-id=\"6fc4cd7\" data-element_type=\"widget\" data-e-type=\"widget\" data-widget_type=\"image.default\">\n\t\t\t\t<div class=\"elementor-widget-container\">\n\t\t\t\t\t\t\t\t\t\t\t\t\t\t\t<img decoding=\"async\" width=\"1003\" height=\"425\" src=\"https:\/\/cocula.gob.mx\/wp-content\/uploads\/2024\/11\/UEPAMVV-PAGINA-WWW-02.jpg\" class=\"attachment-large size-large wp-image-12177\" alt=\"\" \/>\t\t\t\t\t\t\t\t\t\t\t\t\t\t\t<\/div>\n\t\t\t\t<\/div>\n\t\t\t\t\t<\/div>\n\t\t<\/div>\n\t\t\t\t\t<\/div>\n\t\t<\/section>\n\t\t\t\t<\/div>\n\t\t","protected":false},"excerpt":{"rendered":"<p>Unidad Especializada Policial de Atenci\u00f3n a Mujeres V\u00edctimas de Violencia Creada para reforzar las acciones y medidas de prevenci\u00f3n,atenci\u00f3n, seguridad y acceso a la justicia para las mujeres. La UEPAMVV es una unidad cuyo principal objetivo es brindarprotecci\u00f3n especializada a mujeres v\u00edctimas de violencia, d\u00e1ndole la seguridada sus Derechos Humanos con Perspectiva de G\u00e9nero. \u00bfQu\u00e9 [&hellip;]<\/p>\n","protected":false},"author":1,"featured_media":0,"parent":0,"menu_order":0,"comment_status":"closed","ping_status":"closed","template":"","meta":{"footnotes":""},"class_list":["post-6232","page","type-page","status-publish","hentry"],"_links":{"self":[{"href":"https:\/\/cocula.gob.mx\/index.php?rest_route=\/wp\/v2\/pages\/6232","targetHints":{"allow":["GET"]}}],"collection":[{"href":"https:\/\/cocula.gob.mx\/index.php?rest_route=\/wp\/v2\/pages"}],"about":[{"href":"https:\/\/cocula.gob.mx\/index.php?rest_route=\/wp\/v2\/types\/page"}],"author":[{"embeddable":true,"href":"https:\/\/cocula.gob.mx\/index.php?rest_route=\/wp\/v2\/users\/1"}],"replies":[{"embeddable":true,"href":"https:\/\/cocula.gob.mx\/index.php?rest_route=%2Fwp%2Fv2%2Fcomments&post=6232"}],"version-history":[{"count":35,"href":"https:\/\/cocula.gob.mx\/index.php?rest_route=\/wp\/v2\/pages\/6232\/revisions"}],"predecessor-version":[{"id":12187,"href":"https:\/\/cocula.gob.mx\/index.php?rest_route=\/wp\/v2\/pages\/6232\/revisions\/12187"}],"wp:attachment":[{"href":"https:\/\/cocula.gob.mx\/index.php?rest_route=%2Fwp%2Fv2%2Fmedia&parent=6232"}],"curies":[{"name":"wp","href":"https:\/\/api.w.org\/{rel}","templated":true}]}}