{"id":4150,"date":"2020-05-08T19:32:51","date_gmt":"2020-05-08T19:32:51","guid":{"rendered":"http:\/\/cocula.gob.mx\/?page_id=4150"},"modified":"2024-12-02T17:24:03","modified_gmt":"2024-12-02T17:24:03","slug":"pagos-en-linea","status":"publish","type":"page","link":"https:\/\/cocula.gob.mx\/?page_id=4150","title":{"rendered":"PAGAR AGUA Y PREDIAL"},"content":{"rendered":"\t\t<div data-elementor-type=\"wp-post\" data-elementor-id=\"4150\" class=\"elementor elementor-4150\">\n\t\t\t\t\t\t<section class=\"elementor-section elementor-top-section elementor-element elementor-element-36d2f52 elementor-section-boxed elementor-section-height-default elementor-section-height-default\" data-id=\"36d2f52\" data-element_type=\"section\" data-e-type=\"section\">\n\t\t\t\t\t\t<div class=\"elementor-container elementor-column-gap-default\">\n\t\t\t\t\t<div class=\"elementor-column elementor-col-100 elementor-top-column elementor-element elementor-element-cd2f838\" data-id=\"cd2f838\" data-element_type=\"column\" data-e-type=\"column\">\n\t\t\t<div class=\"elementor-widget-wrap elementor-element-populated\">\n\t\t\t\t\t\t<div class=\"elementor-element elementor-element-0b2f50f elementor-widget elementor-widget-heading\" data-id=\"0b2f50f\" data-element_type=\"widget\" data-e-type=\"widget\" data-widget_type=\"heading.default\">\n\t\t\t\t<div class=\"elementor-widget-container\">\n\t\t\t\t\t<span class=\"elementor-heading-title elementor-size-medium\"><p class=\"MsoNormal\"><span style=\"font-size: 14.5pt;line-height: 107%;font-family: Helvetica, sans-serif;background-image: initial;background-position: initial;background-size: initial;background-repeat: initial;background-attachment: initial\">BIENVENIDOS AL SISTEMA DE PAGO EN L\u00cdNEA, QUE EL MUNICIPIO DE COCULA, JAL. EN COORDINACI\u00d3N CON EL DEPARTAMENTO DE AGUA POTABLE Y CATASTRO, PONE A DISPOSICI\u00d3N DE TODA LA CIUDADAN\u00cdA DE ESTA LOCALIDAD.\n\nDESDE DONDE LE OFRECE, LA POSIBILIDAD DE REALIZAR PAGOS ANUALES, PAGOS ORDINARIOS, CONSULTAR Y DESCARGAR ESTADOS DE CUENTA Y\nFACTURAS. TODO DESDE CUALQUIER UBICACI\u00d3N, COMO SU CASA U OFICINA, DENTRO Y FUERA DEL PA\u00cdS, LAS 24 HORAS DEL D\u00cdA, SIN HACER TRASLADOS, NI FILAS, DE FORMA R\u00c1PIDA Y SEGURA.<\/span><\/p>\n\n<br>PARA REALIZAR TUS PAGOS EN L\u00cdNEA, NECESITAMOS QUE TENGAS A LA MANO QUE SERVICIO QUIERES PAGAR Y TU N\u00daMERO DE CUENTA DE AGUA O PREDIAL.<\/span>\t\t\t\t<\/div>\n\t\t\t\t<\/div>\n\t\t\t\t\t<\/div>\n\t\t<\/div>\n\t\t\t\t\t<\/div>\n\t\t<\/section>\n\t\t\t\t<section class=\"elementor-section elementor-top-section elementor-element elementor-element-7cf6008 elementor-section-boxed elementor-section-height-default elementor-section-height-default\" data-id=\"7cf6008\" data-element_type=\"section\" data-e-type=\"section\">\n\t\t\t\t\t\t<div class=\"elementor-container elementor-column-gap-default\">\n\t\t\t\t\t<div class=\"elementor-column elementor-col-100 elementor-top-column elementor-element elementor-element-3352807\" data-id=\"3352807\" data-element_type=\"column\" data-e-type=\"column\">\n\t\t\t<div class=\"elementor-widget-wrap elementor-element-populated\">\n\t\t\t\t\t\t<div class=\"elementor-element elementor-element-ccc53d0 elementor-widget elementor-widget-heading\" data-id=\"ccc53d0\" data-element_type=\"widget\" data-e-type=\"widget\" data-widget_type=\"heading.default\">\n\t\t\t\t<div class=\"elementor-widget-container\">\n\t\t\t\t\t<h2 class=\"elementor-heading-title elementor-size-small\">1 - EN LA PARTE SUPERIOR DE TU RECIBO, ENCONTRAR\u00c1S EL N\u00daMERO DE CUENTA (IMAGEN 1: CUENTA AGUA POTABLE).<\/h2>\t\t\t\t<\/div>\n\t\t\t\t<\/div>\n\t\t\t\t\t<\/div>\n\t\t<\/div>\n\t\t\t\t\t<\/div>\n\t\t<\/section>\n\t\t\t\t<section class=\"elementor-section elementor-top-section elementor-element elementor-element-f831373 elementor-section-boxed elementor-section-height-default elementor-section-height-default\" data-id=\"f831373\" data-element_type=\"section\" data-e-type=\"section\">\n\t\t\t\t\t\t<div class=\"elementor-container elementor-column-gap-default\">\n\t\t\t\t\t<div class=\"elementor-column elementor-col-100 elementor-top-column elementor-element elementor-element-8410351\" data-id=\"8410351\" data-element_type=\"column\" data-e-type=\"column\">\n\t\t\t<div class=\"elementor-widget-wrap elementor-element-populated\">\n\t\t\t\t\t\t<div class=\"elementor-element elementor-element-bfbe918 elementor-widget elementor-widget-image\" data-id=\"bfbe918\" data-element_type=\"widget\" data-e-type=\"widget\" data-widget_type=\"image.default\">\n\t\t\t\t<div class=\"elementor-widget-container\">\n\t\t\t\t\t\t\t\t\t\t\t\t\t\t\t<img fetchpriority=\"high\" decoding=\"async\" width=\"1024\" height=\"176\" src=\"https:\/\/cocula.gob.mx\/wp-content\/uploads\/2020\/05\/IMAGEN-PAGOS-AGUA1-1024x176.jpg\" class=\"attachment-large size-large wp-image-4151\" alt=\"\" srcset=\"https:\/\/cocula.gob.mx\/wp-content\/uploads\/2020\/05\/IMAGEN-PAGOS-AGUA1-1024x176.jpg 1024w, https:\/\/cocula.gob.mx\/wp-content\/uploads\/2020\/05\/IMAGEN-PAGOS-AGUA1-300x52.jpg 300w, https:\/\/cocula.gob.mx\/wp-content\/uploads\/2020\/05\/IMAGEN-PAGOS-AGUA1-768x132.jpg 768w, https:\/\/cocula.gob.mx\/wp-content\/uploads\/2020\/05\/IMAGEN-PAGOS-AGUA1.jpg 1243w\" sizes=\"(max-width: 1024px) 100vw, 1024px\" \/>\t\t\t\t\t\t\t\t\t\t\t\t\t\t\t<\/div>\n\t\t\t\t<\/div>\n\t\t\t\t\t<\/div>\n\t\t<\/div>\n\t\t\t\t\t<\/div>\n\t\t<\/section>\n\t\t\t\t<section class=\"elementor-section elementor-top-section elementor-element elementor-element-6df7d26 elementor-section-boxed elementor-section-height-default elementor-section-height-default\" data-id=\"6df7d26\" data-element_type=\"section\" data-e-type=\"section\">\n\t\t\t\t\t\t<div class=\"elementor-container elementor-column-gap-default\">\n\t\t\t\t\t<div class=\"elementor-column elementor-col-100 elementor-top-column elementor-element elementor-element-3337466\" data-id=\"3337466\" data-element_type=\"column\" data-e-type=\"column\">\n\t\t\t<div class=\"elementor-widget-wrap elementor-element-populated\">\n\t\t\t\t\t\t<div class=\"elementor-element elementor-element-49aeda2 elementor-widget elementor-widget-heading\" data-id=\"49aeda2\" data-element_type=\"widget\" data-e-type=\"widget\" data-widget_type=\"heading.default\">\n\t\t\t\t<div class=\"elementor-widget-container\">\n\t\t\t\t\t<h2 class=\"elementor-heading-title elementor-size-small\">2.- EN LA PARTE SUPERIOR DE TU RECIBO, ENCONTRAR\u00c1S EL N\u00daMERO DE CUENTA (IMAGEN 2: CUENTA PREDIAL).<\/h2>\t\t\t\t<\/div>\n\t\t\t\t<\/div>\n\t\t\t\t\t<\/div>\n\t\t<\/div>\n\t\t\t\t\t<\/div>\n\t\t<\/section>\n\t\t\t\t<section class=\"elementor-section elementor-top-section elementor-element elementor-element-9a9ebf7 elementor-section-boxed elementor-section-height-default elementor-section-height-default\" data-id=\"9a9ebf7\" data-element_type=\"section\" data-e-type=\"section\">\n\t\t\t\t\t\t<div class=\"elementor-container elementor-column-gap-default\">\n\t\t\t\t\t<div class=\"elementor-column elementor-col-100 elementor-top-column elementor-element elementor-element-57218ba\" data-id=\"57218ba\" data-element_type=\"column\" data-e-type=\"column\">\n\t\t\t<div class=\"elementor-widget-wrap elementor-element-populated\">\n\t\t\t\t\t\t<div class=\"elementor-element elementor-element-682f6b4 elementor-widget elementor-widget-image\" data-id=\"682f6b4\" data-element_type=\"widget\" data-e-type=\"widget\" data-widget_type=\"image.default\">\n\t\t\t\t<div class=\"elementor-widget-container\">\n\t\t\t\t\t\t\t\t\t\t\t\t\t\t\t<img decoding=\"async\" width=\"1024\" height=\"198\" src=\"https:\/\/cocula.gob.mx\/wp-content\/uploads\/2020\/05\/PAGO-PREDIAL-1024x198.jpg\" class=\"attachment-large size-large wp-image-4152\" alt=\"\" srcset=\"https:\/\/cocula.gob.mx\/wp-content\/uploads\/2020\/05\/PAGO-PREDIAL-1024x198.jpg 1024w, https:\/\/cocula.gob.mx\/wp-content\/uploads\/2020\/05\/PAGO-PREDIAL-300x58.jpg 300w, https:\/\/cocula.gob.mx\/wp-content\/uploads\/2020\/05\/PAGO-PREDIAL-768x148.jpg 768w, https:\/\/cocula.gob.mx\/wp-content\/uploads\/2020\/05\/PAGO-PREDIAL.jpg 1264w\" sizes=\"(max-width: 1024px) 100vw, 1024px\" \/>\t\t\t\t\t\t\t\t\t\t\t\t\t\t\t<\/div>\n\t\t\t\t<\/div>\n\t\t\t\t\t<\/div>\n\t\t<\/div>\n\t\t\t\t\t<\/div>\n\t\t<\/section>\n\t\t\t\t<section class=\"elementor-section elementor-top-section elementor-element elementor-element-87a525d elementor-section-boxed elementor-section-height-default elementor-section-height-default\" data-id=\"87a525d\" data-element_type=\"section\" data-e-type=\"section\">\n\t\t\t\t\t\t<div class=\"elementor-container elementor-column-gap-default\">\n\t\t\t\t\t<div class=\"elementor-column elementor-col-100 elementor-top-column elementor-element elementor-element-6d5ea0f\" data-id=\"6d5ea0f\" data-element_type=\"column\" data-e-type=\"column\">\n\t\t\t<div class=\"elementor-widget-wrap elementor-element-populated\">\n\t\t\t\t\t\t<div class=\"elementor-element elementor-element-7edacb2 elementor-widget elementor-widget-heading\" data-id=\"7edacb2\" data-element_type=\"widget\" data-e-type=\"widget\" data-widget_type=\"heading.default\">\n\t\t\t\t<div class=\"elementor-widget-container\">\n\t\t\t\t\t<h2 class=\"elementor-heading-title elementor-size-small\">3.- SI YA TIENES LOS DATOS LISTOS, PARA EFECTUAR TU PAGO EN L\u00cdNEA, INGRESA A LA SIGUIENTE LIGA, DONDE LO HAR\u00c1S DE MANERA SEGURA Y EN LA COMODIDAD DE TU HOGAR.<\/h2>\t\t\t\t<\/div>\n\t\t\t\t<\/div>\n\t\t\t\t\t<\/div>\n\t\t<\/div>\n\t\t\t\t\t<\/div>\n\t\t<\/section>\n\t\t\t\t<section class=\"elementor-section elementor-top-section elementor-element elementor-element-f4e106b elementor-section-boxed elementor-section-height-default elementor-section-height-default\" data-id=\"f4e106b\" data-element_type=\"section\" data-e-type=\"section\">\n\t\t\t\t\t\t<div class=\"elementor-container elementor-column-gap-default\">\n\t\t\t\t\t<div class=\"elementor-column elementor-col-100 elementor-top-column elementor-element elementor-element-b09537f\" data-id=\"b09537f\" data-element_type=\"column\" data-e-type=\"column\">\n\t\t\t<div class=\"elementor-widget-wrap elementor-element-populated\">\n\t\t\t\t\t\t<div class=\"elementor-element elementor-element-6a7a5e5 elementor-align-center elementor-widget elementor-widget-button\" data-id=\"6a7a5e5\" data-element_type=\"widget\" data-e-type=\"widget\" data-widget_type=\"button.default\">\n\t\t\t\t<div class=\"elementor-widget-container\">\n\t\t\t\t\t\t\t\t\t<div class=\"elementor-button-wrapper\">\n\t\t\t\t\t<a class=\"elementor-button elementor-button-link elementor-size-xl\" href=\"https:\/\/pagoenlinea.tautum.net\/024\/\">\n\t\t\t\t\t\t<span class=\"elementor-button-content-wrapper\">\n\t\t\t\t\t\t\t\t\t<span class=\"elementor-button-text\">PAGOS EN L\u00cdNEA COCULA DIGITAL <\/span>\n\t\t\t\t\t<\/span>\n\t\t\t\t\t<\/a>\n\t\t\t\t<\/div>\n\t\t\t\t\t\t\t\t<\/div>\n\t\t\t\t<\/div>\n\t\t\t\t\t<\/div>\n\t\t<\/div>\n\t\t\t\t\t<\/div>\n\t\t<\/section>\n\t\t\t\t<section class=\"elementor-section elementor-top-section elementor-element elementor-element-925cc24 elementor-section-boxed elementor-section-height-default elementor-section-height-default\" data-id=\"925cc24\" data-element_type=\"section\" data-e-type=\"section\">\n\t\t\t\t\t\t<div class=\"elementor-container elementor-column-gap-default\">\n\t\t\t\t\t<div class=\"elementor-column elementor-col-100 elementor-top-column elementor-element elementor-element-3237348\" data-id=\"3237348\" data-element_type=\"column\" data-e-type=\"column\">\n\t\t\t<div class=\"elementor-widget-wrap elementor-element-populated\">\n\t\t\t\t\t\t<div class=\"elementor-element elementor-element-d53e6ee elementor-widget elementor-widget-heading\" data-id=\"d53e6ee\" data-element_type=\"widget\" data-e-type=\"widget\" data-widget_type=\"heading.default\">\n\t\t\t\t<div class=\"elementor-widget-container\">\n\t\t\t\t\t<h2 class=\"elementor-heading-title elementor-size-small\">4.- DESPU\u00c9S DE HABER REALIZADO EL PAGO DIGITAL, RECIBIR\u00c1S EN TU CORREO ELECTR\u00d3NICO EL RECIBO OFICIAL.<\/h2>\t\t\t\t<\/div>\n\t\t\t\t<\/div>\n\t\t\t\t\t<\/div>\n\t\t<\/div>\n\t\t\t\t\t<\/div>\n\t\t<\/section>\n\t\t\t\t<section class=\"elementor-section elementor-top-section elementor-element elementor-element-0648526 elementor-section-boxed elementor-section-height-default elementor-section-height-default\" data-id=\"0648526\" data-element_type=\"section\" data-e-type=\"section\">\n\t\t\t\t\t\t<div class=\"elementor-container elementor-column-gap-default\">\n\t\t\t\t\t<div class=\"elementor-column elementor-col-100 elementor-top-column elementor-element elementor-element-4ffacb6\" data-id=\"4ffacb6\" data-element_type=\"column\" data-e-type=\"column\">\n\t\t\t<div class=\"elementor-widget-wrap elementor-element-populated\">\n\t\t\t\t\t\t<div class=\"elementor-element elementor-element-2a79d2c elementor-widget elementor-widget-heading\" data-id=\"2a79d2c\" data-element_type=\"widget\" data-e-type=\"widget\" data-widget_type=\"heading.default\">\n\t\t\t\t<div class=\"elementor-widget-container\">\n\t\t\t\t\t<h2 class=\"elementor-heading-title elementor-size-small\">5.- EN CASO DE NO RECIBIRLO, O ATENDER DUDAS Y\/O ACLARACIONES, ENV\u00cdA UN CORREO ELECTR\u00d3NICO A: informatica@cocula.gob.mx<\/h2>\t\t\t\t<\/div>\n\t\t\t\t<\/div>\n\t\t\t\t\t<\/div>\n\t\t<\/div>\n\t\t\t\t\t<\/div>\n\t\t<\/section>\n\t\t\t\t<\/div>\n\t\t","protected":false},"excerpt":{"rendered":"<p>BIENVENIDOS AL SISTEMA DE PAGO EN L\u00cdNEA, QUE EL MUNICIPIO DE COCULA, JAL. EN COORDINACI\u00d3N CON EL DEPARTAMENTO DE AGUA POTABLE Y CATASTRO, PONE A DISPOSICI\u00d3N DE TODA LA CIUDADAN\u00cdA DE ESTA LOCALIDAD. DESDE DONDE LE OFRECE, LA POSIBILIDAD DE REALIZAR PAGOS ANUALES, PAGOS ORDINARIOS, CONSULTAR Y DESCARGAR ESTADOS DE CUENTA Y FACTURAS. TODO DESDE [&hellip;]<\/p>\n","protected":false},"author":1,"featured_media":0,"parent":0,"menu_order":0,"comment_status":"closed","ping_status":"closed","template":"","meta":{"footnotes":""},"class_list":["post-4150","page","type-page","status-publish","hentry"],"_links":{"self":[{"href":"https:\/\/cocula.gob.mx\/index.php?rest_route=\/wp\/v2\/pages\/4150","targetHints":{"allow":["GET"]}}],"collection":[{"href":"https:\/\/cocula.gob.mx\/index.php?rest_route=\/wp\/v2\/pages"}],"about":[{"href":"https:\/\/cocula.gob.mx\/index.php?rest_route=\/wp\/v2\/types\/page"}],"author":[{"embeddable":true,"href":"https:\/\/cocula.gob.mx\/index.php?rest_route=\/wp\/v2\/users\/1"}],"replies":[{"embeddable":true,"href":"https:\/\/cocula.gob.mx\/index.php?rest_route=%2Fwp%2Fv2%2Fcomments&post=4150"}],"version-history":[{"count":16,"href":"https:\/\/cocula.gob.mx\/index.php?rest_route=\/wp\/v2\/pages\/4150\/revisions"}],"predecessor-version":[{"id":12216,"href":"https:\/\/cocula.gob.mx\/index.php?rest_route=\/wp\/v2\/pages\/4150\/revisions\/12216"}],"wp:attachment":[{"href":"https:\/\/cocula.gob.mx\/index.php?rest_route=%2Fwp%2Fv2%2Fmedia&parent=4150"}],"curies":[{"name":"wp","href":"https:\/\/api.w.org\/{rel}","templated":true}]}}