{"id":12787,"date":"2025-03-12T20:19:09","date_gmt":"2025-03-12T20:19:09","guid":{"rendered":"https:\/\/cocula.gob.mx\/?page_id=12787"},"modified":"2025-03-12T20:19:09","modified_gmt":"2025-03-12T20:19:09","slug":"comite-de-adquisiciones","status":"publish","type":"page","link":"https:\/\/cocula.gob.mx\/?page_id=12787","title":{"rendered":"COMIT\u00c9 DE ADQUISICIONES"},"content":{"rendered":"\n<div class=\"wp-block-columns is-layout-flex wp-container-core-columns-is-layout-9d6595d7 wp-block-columns-is-layout-flex\">\n<div class=\"wp-block-column is-layout-flow wp-block-column-is-layout-flow\">\n<p><strong>H. AYUNTAMIENTO CONSTITUCIONAL<br>COCULA, JALISCO<br>PERIODO 2024-2027<\/strong><\/p>\n<\/div>\n\n\n\n<div class=\"wp-block-column is-layout-flow wp-block-column-is-layout-flow\">\n<p><strong>ACTA No. 1 DE LA 1\u00aa SESI\u00d3N DEL<br>COMIT\u00c9 DE ADQUISICIONES<br>13 DE ENERO DE 2025<\/strong><\/p>\n<\/div>\n<\/div>\n\n\n\n<p>En el Sal\u00f3n de Sesiones de Regidores del Ayuntamiento Municipal de Cocula, Jalisco, siendo las 17:15 horas del d\u00eda 13 de enero del a\u00f1o 2025, se encuentran reunidos los miembros que integran el Comit\u00e9 de Adquisiciones y el Testigo Social del H. Ayuntamiento de Cocula, Jalisco, para el ejercicio 2025.<\/p>\n\n\n\n<p>En mi car\u00e1cter de Secretario T\u00e9cnico y con las facultades que me otorga la Ley, con fundamento en el Cap\u00edtulo I, Art\u00edculo IX del Reglamento de Adquisiciones, Enajenaciones, Arrendamientos y Contrataciones del Municipio de Cocula, Jalisco, doy fe de que existe qu\u00f3rum y adem\u00e1s se encuentra presente el Presidente Municipal, quien preside el Comit\u00e9 de Adquisiciones, por lo que se procede a dar lectura al siguiente:<\/p>\n\n\n\n<h3 class=\"wp-block-heading\">ORDEN DEL D\u00cdA<\/h3>\n\n\n\n<ol class=\"wp-block-list\">\n<li>Lista de asistencia y declaraci\u00f3n del qu\u00f3rum legal.<\/li>\n\n\n\n<li>Aprobaci\u00f3n del orden del d\u00eda.<\/li>\n\n\n\n<li>Toma de protesta del Comit\u00e9 de Adquisiciones para el periodo 2024-2027.<\/li>\n\n\n\n<li>Cierre de la sesi\u00f3n.<\/li>\n<\/ol>\n\n\n\n<h3 class=\"wp-block-heading\">DESARROLLO DE LA SESI\u00d3N, ASUNTOS Y ACUERDOS<\/h3>\n\n\n\n<p>El Secretario T\u00e9cnico, encargado de la Unidad Centralizada de Compras, <strong>L.C.P. Juan Carlos Hern\u00e1ndez Corona<\/strong>, inicia la sesi\u00f3n dando la bienvenida a los integrantes del Comit\u00e9 de Adquisiciones, saludando a los presentes y declarando abierta la sesi\u00f3n.<\/p>\n\n\n\n<h4 class=\"wp-block-heading\">1. Lista de asistencia y declaraci\u00f3n del qu\u00f3rum legal<\/h4>\n\n\n\n<p>El Secretario T\u00e9cnico procede con el nombramiento de la lista de asistencia de los integrantes del Comit\u00e9 de Adquisiciones y el Testigo Social. Se confirma la presencia de los siguientes ciudadanos:<\/p>\n\n\n\n<ul class=\"wp-block-list\">\n<li><strong>L.C.P. Luis Armando Aldana Gonz\u00e1lez<\/strong> \u2013 Presidente Municipal y Presidente del Comit\u00e9 de Adquisiciones<\/li>\n\n\n\n<li><strong>C. Martina Garc\u00eda Lepe<\/strong> \u2013 Vocal<\/li>\n\n\n\n<li><strong>C. Jos\u00e9 Carlos Guzm\u00e1n Beas<\/strong> \u2013 Vocal<\/li>\n\n\n\n<li><strong>C. Teodoro Camacho G\u00f3mez<\/strong> \u2013 Vocal<\/li>\n\n\n\n<li><strong>C. Hamlet Jonathan Jim\u00e9nez Loza<\/strong> \u2013 Vocal<\/li>\n\n\n\n<li><strong>Lic. Iliana Karina Castro de la O.<\/strong> \u2013 Titular del \u00d3rgano Interno de Control<\/li>\n\n\n\n<li><strong>Lic. Mar\u00eda del Rosario Ram\u00edrez Su\u00e1rez<\/strong> \u2013 Encargada de la Hacienda Municipal<\/li>\n\n\n\n<li><strong>Ing. Andr\u00e9s Artemio Coronel Partida<\/strong> \u2013 Consejo Agropecuario<\/li>\n\n\n\n<li><strong>C. Alma Lucero Rosas Ruelas<\/strong> \u2013 Directora de Desarrollo Social<\/li>\n\n\n\n<li><strong>C. Juana Navarro Obledo<\/strong> \u2013 Oficial Mayor Administrativo<\/li>\n\n\n\n<li><strong>Lic. Alondra Camacho Acosta<\/strong> \u2013 Directora Jur\u00eddica<\/li>\n\n\n\n<li><strong>Lic. Juan Carlos Hern\u00e1ndez Corona<\/strong> \u2013 Secretario T\u00e9cnico del Comit\u00e9 de Adquisiciones<\/li>\n<\/ul>\n\n\n\n<p>Se confirma que existe qu\u00f3rum legal para efectuar la reuni\u00f3n.<\/p>\n\n\n\n<h4 class=\"wp-block-heading\">2. Aprobaci\u00f3n del orden del d\u00eda<\/h4>\n\n\n\n<p>Todos los integrantes del Comit\u00e9 de Adquisiciones aprueban el orden del d\u00eda de la reuni\u00f3n con fecha 13 de enero de 2025.<\/p>\n\n\n\n<h4 class=\"wp-block-heading\">3. Toma de protesta del Comit\u00e9 de Adquisiciones<\/h4>\n\n\n\n<p>El Presidente Municipal y Presidente del Comit\u00e9 de Adquisiciones, <strong>L.C.P. Luis Armando Aldana Gonz\u00e1lez<\/strong>, procede a tomar protesta a los integrantes del Comit\u00e9:<\/p>\n\n\n\n<p><strong>Presidente:<\/strong> \u00bfProtestan ustedes solemnemente y bajo palabra de honor desempe\u00f1arse con honradez, lealtad y esmero en su ejercicio en los Procesos de Adquisiciones, Enajenaciones, Arrendamientos y Contrataciones del Municipio de Cocula, observando como norma de su actuaci\u00f3n los principios de Certeza, Legalidad, Independencia, Imparcialidad, M\u00e1xima Publicidad y Objetividad a favor del bien de las finanzas y recursos p\u00fablicos del municipio?<\/p>\n\n\n\n<p><strong>Comit\u00e9:<\/strong> \u00a1S\u00ed, protestamos!<\/p>\n\n\n\n<p><strong>Presidente:<\/strong> Si as\u00ed lo hacen, que la sociedad y la Administraci\u00f3n P\u00fablica se los reconozcan, y si no, que se los demande.<\/p>\n\n\n\n<h4 class=\"wp-block-heading\">4. Asuntos pendientes<\/h4>\n\n\n\n<p>Se informa al Comit\u00e9 de Adquisiciones que se iniciar\u00e1n los procesos de Licitaciones P\u00fablicas, comenzando con la licitaci\u00f3n para la compra de un <strong>camion recolector y compactador de basura con carga lateral<\/strong>, con el objetivo de integrarlo al parque vehicular del \u00e1rea de aseo p\u00fablico.<\/p>\n\n\n\n<h4 class=\"wp-block-heading\">5. Cierre de la sesi\u00f3n<\/h4>\n\n\n\n<p>El Presidente del Comit\u00e9 de Adquisiciones declara que, siendo las 18:20 horas del d\u00eda 13 de enero del a\u00f1o 2025, queda cerrada la primera sesi\u00f3n del Comit\u00e9 de Adquisiciones para el periodo constitucional 2024-2027 del Honorable Ayuntamiento de Cocula, Jalisco.<\/p>\n\n\n\n<h3 class=\"wp-block-heading\"><strong>FIRMAS DE LOS INTERVINIENTES EN EL ACTA<\/strong><\/h3>\n\n\n\n<p><strong>L.C.P. Luis Armando Aldana Gonz\u00e1lez<\/strong><br>Presidente del Comit\u00e9 de Adquisiciones<\/p>\n\n\n\n<p><strong>C. Jos\u00e9 Carlos Guzm\u00e1n Beas<\/strong><br>Representante de Empresarios (Vocal)<\/p>\n\n\n\n<p><strong>Mtra. Martina Garc\u00eda Lepe<\/strong><br>Representante de la C\u00e1mara de Comercio (Vocal)<\/p>\n\n\n\n<p><strong>C. Teodoro Camacho Robles<\/strong><br>Representante de Ganaderos y Agricultores (Vocal)<\/p>\n\n\n\n<p><strong>Lic. Hamlet Jonathan Jim\u00e9nez Loza<\/strong><br>Representante de los Profesionistas (Vocal)<\/p>\n\n\n\n<p><strong>Lic. Iliana Karina Castro de la O.<\/strong><br>Titular del \u00d3rgano Interno de Control (Vocal)<\/p>\n\n\n\n<p><strong>Lic. Mar\u00eda del Rosario Ram\u00edrez Su\u00e1rez<\/strong><br>Encargada de la Hacienda P\u00fablica Municipal (Vocal)<\/p>\n\n\n\n<p><strong>Ing. Andr\u00e9s Artemio Coronel Partida<\/strong><br>Director de Desarrollo Agropecuario (Vocal)<\/p>\n\n\n\n<p><strong>C. Alma Lucero Rosas Ruelas<\/strong><br>Directora de Desarrollo Social y Atenci\u00f3n al Migrante (Vocal)<\/p>\n\n\n\n<p><strong>C. Juana Navarro Obledo<\/strong><br>Oficial Mayor Administrativo (Vocal)<\/p>\n\n\n\n<p><strong>Lic. Alondra Camacho Acosta<\/strong><br>Directora Jur\u00eddica (Vocal)<\/p>\n\n\n\n<p><strong>C. Miguel G\u00f3mez Camacho<\/strong><br>Testigo Social<\/p>\n\n\n\n<hr class=\"wp-block-separator has-alpha-channel-opacity\"\/>\n\n\n\n<div data-wp-interactive=\"core\/file\" class=\"wp-block-file\"><object data-wp-bind--hidden=\"!state.hasPdfPreview\" hidden class=\"wp-block-file__embed\" data=\"https:\/\/cocula.gob.mx\/wp-content\/uploads\/2025\/03\/TOMA-PROTESTA-COMITE-ADQUISICIONES.pdf\" type=\"application\/pdf\" style=\"width:100%;height:600px\" aria-label=\"Incrustado de TOMA PROTESTA COMITE ADQUISICIONES.\"><\/object><a id=\"wp-block-file--media-3ca514d0-9266-4f70-a831-b876ec4214c1\" href=\"https:\/\/cocula.gob.mx\/wp-content\/uploads\/2025\/03\/TOMA-PROTESTA-COMITE-ADQUISICIONES.pdf\">TOMA PROTESTA COMITE ADQUISICIONES<\/a><a href=\"https:\/\/cocula.gob.mx\/wp-content\/uploads\/2025\/03\/TOMA-PROTESTA-COMITE-ADQUISICIONES.pdf\" class=\"wp-block-file__button wp-element-button\" download aria-describedby=\"wp-block-file--media-3ca514d0-9266-4f70-a831-b876ec4214c1\">Descarga<\/a><\/div>\n","protected":false},"excerpt":{"rendered":"<p>H. AYUNTAMIENTO CONSTITUCIONALCOCULA, JALISCOPERIODO 2024-2027 ACTA No. 1 DE LA 1\u00aa SESI\u00d3N DELCOMIT\u00c9 DE ADQUISICIONES13 DE ENERO DE 2025 En el Sal\u00f3n de Sesiones de Regidores del Ayuntamiento Municipal de Cocula, Jalisco, siendo las 17:15 horas del d\u00eda 13 de enero del a\u00f1o 2025, se encuentran reunidos los miembros que integran el Comit\u00e9 de Adquisiciones [&hellip;]<\/p>\n","protected":false},"author":1,"featured_media":0,"parent":0,"menu_order":0,"comment_status":"closed","ping_status":"closed","template":"","meta":{"footnotes":""},"class_list":["post-12787","page","type-page","status-publish","hentry"],"_links":{"self":[{"href":"https:\/\/cocula.gob.mx\/index.php?rest_route=\/wp\/v2\/pages\/12787","targetHints":{"allow":["GET"]}}],"collection":[{"href":"https:\/\/cocula.gob.mx\/index.php?rest_route=\/wp\/v2\/pages"}],"about":[{"href":"https:\/\/cocula.gob.mx\/index.php?rest_route=\/wp\/v2\/types\/page"}],"author":[{"embeddable":true,"href":"https:\/\/cocula.gob.mx\/index.php?rest_route=\/wp\/v2\/users\/1"}],"replies":[{"embeddable":true,"href":"https:\/\/cocula.gob.mx\/index.php?rest_route=%2Fwp%2Fv2%2Fcomments&post=12787"}],"version-history":[{"count":1,"href":"https:\/\/cocula.gob.mx\/index.php?rest_route=\/wp\/v2\/pages\/12787\/revisions"}],"predecessor-version":[{"id":12789,"href":"https:\/\/cocula.gob.mx\/index.php?rest_route=\/wp\/v2\/pages\/12787\/revisions\/12789"}],"wp:attachment":[{"href":"https:\/\/cocula.gob.mx\/index.php?rest_route=%2Fwp%2Fv2%2Fmedia&parent=12787"}],"curies":[{"name":"wp","href":"https:\/\/api.w.org\/{rel}","templated":true}]}}