{"id":12773,"date":"2025-03-07T17:49:58","date_gmt":"2025-03-07T17:49:58","guid":{"rendered":"https:\/\/cocula.gob.mx\/?page_id=12773"},"modified":"2025-05-16T17:42:17","modified_gmt":"2025-05-16T17:42:17","slug":"comite-de-copplademun","status":"publish","type":"page","link":"https:\/\/cocula.gob.mx\/?page_id=12773","title":{"rendered":"COMIT\u00c9 DE COPPLADEMUN"},"content":{"rendered":"\n<p>El Comit\u00e9 de COPPLADEMUN del H. Ayuntamiento de Cocula, Jalisco, fue instalado, el d\u00eda viernes 18 de febrero de 2025.<\/p>\n\n\n\n<p>Conforme a la Ley y con fundamento en lo dispuesto por el art\u00edculo 80 fracci\u00f3n VII de la Constituci\u00f3n Pol\u00edtica del Estado de Jalisco; 47, 48, 49, 50, 51 y 52 de la Ley de Planeaci\u00f3n Participativa para el Estado de Jalisco y sus Municipios; y 124 y 125 del Reglamento de Participaci\u00f3n Ciudadana y Planeaci\u00f3n Participativa para la Gobernanza del Municipio de Cocula, Jalisco.&nbsp;<\/p>\n\n\n\n<p><strong>INTEGRANTES DEL COMIT\u00c9:<\/strong><br><br><strong>UNA PRESEDENCIA OCUPADA POR:<\/strong><\/p>\n\n\n\n<ul class=\"wp-block-list\">\n<li>LIC. LUIS ARMANDO ALDANA GONZALEZ (PRESIDENTE MUNICIPAL)<\/li>\n<\/ul>\n\n\n\n<p><strong><strong>UNA SECRETAR\u00cdA T\u00c9CNICA, OCUPADA POR:<\/strong><\/strong><\/p>\n\n\n\n<ul class=\"wp-block-list\">\n<li>LIC. RUBEN ALBERTO ARGIL SORIA (DIR. PLANEACION MPAL. COCULA)<\/li>\n<\/ul>\n\n\n\n<p><strong><strong>REPRESENTANTES DE SECTOR<\/strong>:<\/strong><\/p>\n\n\n\n<ul class=\"wp-block-list\">\n<li>ING. JUAN MANUEL MUNGUIA MENDEZ (REPRESENTANTE DE LA SECRETARIA DE PLANEACION Y VINCULACION)<\/li>\n\n\n\n<li>MTRO. ERIC JOSUE GUERRERO FAUSTO (COORDINADOR REGIONAL)<\/li>\n\n\n\n<li>L.C.F. HECTOR ACOSTA GRAGEDA (COMERCIANTE)<\/li>\n\n\n\n<li>C. HECTOR TEODORO CAMACHO (COMERCIANTE)<\/li>\n\n\n\n<li>MTRO. ARMANDO GONZALEZ NAVARRO (DIRECTOR CECYTE)<\/li>\n\n\n\n<li>MTRO. J ALBERTO RUIZ GUTIERREZ (DIRECTOR DE LA PREPARATORIA UDG)<\/li>\n\n\n\n<li>C. RAFAEL PLAZOLA ARMENTA (PROFESOR Y M\u00daSICO)<\/li>\n\n\n\n<li>MA. ESTHER CAMARENA CHAVARIN (DELEGADA MPAL.DE LA SAUCEDA)<\/li>\n\n\n\n<li>PROF. EDUARDO ROSAS RUELAS (SECTOR EDUCATIVO)<\/li>\n\n\n\n<li>C. JAVIER LOPEZ ROSAS (COMISARIADO EJIDAL)<\/li>\n\n\n\n<li>LIC. LUIS EDUARDO GONZALEZ CARRILLO (DIR. TECNOLOGICO SUPERIOR DE COCULA)<\/li>\n\n\n\n<li>ING. LUIS GUILLERMO CORONA ZU\u00d1IGA (COORDINADOR TECNOLOGICO SUPERIOR)<\/li>\n\n\n\n<li>ING. JUAN CARLOS OROZCO FLOREZ (SECTOR AGROPECUARIO)<\/li>\n\n\n\n<li>LIC. MARTIN RODRIGUEZ RODRIGUEZ (COMERCIANTE)<\/li>\n\n\n\n<li>C. RAUL NU\u00d1O MARIN (COMERCIANTE)<\/li>\n\n\n\n<li>C. MA. CRISTINA RAMIREZ BARRAZA (REGIDORA AYUNTAMIENTO DE COCULA)<\/li>\n\n\n\n<li>C. JOSUE ISRAEL CASTILLO PEREZ (DIRECTOR DE OBRAS P\u00daBLICAS)<\/li>\n\n\n\n<li>C. PALOMA SANDOVAL CAMACHO (DIRECTORA SERVICIOS P\u00daBLICOS)<\/li>\n\n\n\n<li>C. JOAN RUELAS RAMIREZ (COMERCIANTE)<\/li>\n\n\n\n<li>M V Z. VICENTE ANTONIO RUELAS ACOSTA (REGIDOR AYUNTAMIENTO DE COCULA)<\/li>\n\n\n\n<li>C. ALEXA ANDREA RAMIREZ VAZQUEZ (REPRESENTANTE EQUIDAD DE G\u00c9NERO)<\/li>\n\n\n\n<li>DOC. MARTHA LILIANA MIRANDA MARTINEZ (REGIDORA DE COCULA)<\/li>\n\n\n\n<li>LIC. ESTEPHANY JAKELINE MOYA OBLEDO (EDUCACI\u00d3N)<\/li>\n\n\n\n<li>C. ANA YELI MONTELONGO RAMIREZ (DIR. PARTICIPACI\u00d3N CIUDADANA)<\/li>\n\n\n\n<li>C. AURORA YURIDIA VALADEZ PLAZOLA (DIR. CULTURA DE COCULA)<\/li>\n<\/ul>\n\n\n\n<p>TODOS CON VOZ Y VOTO.<\/p>\n\n\n\n<div data-wp-interactive=\"core\/file\" class=\"wp-block-file\"><object data-wp-bind--hidden=\"!state.hasPdfPreview\" hidden class=\"wp-block-file__embed\" data=\"https:\/\/cocula.gob.mx\/wp-content\/uploads\/2025\/05\/ACTA-DE-INSTALACION-COPPLADEMUN-1-1.pdf\" type=\"application\/pdf\" style=\"width:100%;height:600px\" aria-label=\"Incrustado de ACTA DE INSTALACIO\u0301N COPPLADEMUN-1.\"><\/object><a id=\"wp-block-file--media-ca10dcde-adfe-407e-9eec-b176bee59361\" href=\"https:\/\/cocula.gob.mx\/wp-content\/uploads\/2025\/05\/ACTA-DE-INSTALACION-COPPLADEMUN-1-1.pdf\">ACTA DE INSTALACIO\u0301N COPPLADEMUN-1<\/a><a href=\"https:\/\/cocula.gob.mx\/wp-content\/uploads\/2025\/05\/ACTA-DE-INSTALACION-COPPLADEMUN-1-1.pdf\" class=\"wp-block-file__button wp-element-button\" download aria-describedby=\"wp-block-file--media-ca10dcde-adfe-407e-9eec-b176bee59361\">Descarga<\/a><\/div>\n","protected":false},"excerpt":{"rendered":"<p>El Comit\u00e9 de COPPLADEMUN del H. Ayuntamiento de Cocula, Jalisco, fue instalado, el d\u00eda viernes 18 de febrero de 2025. Conforme a la Ley y con fundamento en lo dispuesto por el art\u00edculo 80 fracci\u00f3n VII de la Constituci\u00f3n Pol\u00edtica del Estado de Jalisco; 47, 48, 49, 50, 51 y 52 de la Ley de [&hellip;]<\/p>\n","protected":false},"author":1,"featured_media":0,"parent":0,"menu_order":0,"comment_status":"closed","ping_status":"closed","template":"","meta":{"footnotes":""},"class_list":["post-12773","page","type-page","status-publish","hentry"],"_links":{"self":[{"href":"https:\/\/cocula.gob.mx\/index.php?rest_route=\/wp\/v2\/pages\/12773","targetHints":{"allow":["GET"]}}],"collection":[{"href":"https:\/\/cocula.gob.mx\/index.php?rest_route=\/wp\/v2\/pages"}],"about":[{"href":"https:\/\/cocula.gob.mx\/index.php?rest_route=\/wp\/v2\/types\/page"}],"author":[{"embeddable":true,"href":"https:\/\/cocula.gob.mx\/index.php?rest_route=\/wp\/v2\/users\/1"}],"replies":[{"embeddable":true,"href":"https:\/\/cocula.gob.mx\/index.php?rest_route=%2Fwp%2Fv2%2Fcomments&post=12773"}],"version-history":[{"count":3,"href":"https:\/\/cocula.gob.mx\/index.php?rest_route=\/wp\/v2\/pages\/12773\/revisions"}],"predecessor-version":[{"id":12980,"href":"https:\/\/cocula.gob.mx\/index.php?rest_route=\/wp\/v2\/pages\/12773\/revisions\/12980"}],"wp:attachment":[{"href":"https:\/\/cocula.gob.mx\/index.php?rest_route=%2Fwp%2Fv2%2Fmedia&parent=12773"}],"curies":[{"name":"wp","href":"https:\/\/api.w.org\/{rel}","templated":true}]}}