{"id":12768,"date":"2025-03-06T21:17:44","date_gmt":"2025-03-06T21:17:44","guid":{"rendered":"https:\/\/cocula.gob.mx\/?page_id=12768"},"modified":"2025-03-31T20:49:52","modified_gmt":"2025-03-31T20:49:52","slug":"informacion","status":"publish","type":"page","link":"https:\/\/cocula.gob.mx\/?page_id=12768","title":{"rendered":"COMIT\u00c9 DE PUEBLO M\u00c1GICO"},"content":{"rendered":"\n<p>El Comit\u00e9 de Pueblo M\u00e1gico de Cocula, fue instalado en el municipio de Cocula, Jalisco, el d\u00eda viernes 28 de febrero de 2025.<\/p>\n\n\n\n<p>Lo anterior, con fundamento en el reglamento de pueblos m\u00e1gicos en lo establecido por los art\u00edculos 25 de la Constituci\u00f3n Pol\u00edtica de los Estados Unidos Mexicanos; 1, 2, 3 p\u00e1rrafo 1 fracci\u00f3n I, 5, 6, 7 p\u00e1rrafo 1 fracci\u00f3n III, 14, 15, 16 p\u00e1rrafo 1 fracci\u00f3n XVII y 33 de la Ley Org\u00e1nica del Poder Ejecutivo del estado de Jalisco; as\u00ed como, lo dispuesto por las Cl\u00e1usulas Cuarta y Quinta de las Reglas Generales para la Integraci\u00f3n y Funcionamiento de los Comit\u00e9s Ciudadanos de Pueblos M\u00e1gicos.<\/p>\n\n\n\n<p>Acatando tambi\u00e9n los lineamientos del punto XI segundo p\u00e1rrafo, pagina 2-10<br>XI. Que los \u201cComit\u00e9s Ciudadanos de los Pueblos M\u00e1gicos\u201d estar\u00e1n conformados<br>Por al menos 5 (cinco) y m\u00e1ximo 7 (siete) miembros titulares, integrados de la<br>Manera siguiente:<\/p>\n\n\n\n<ul class=\"wp-block-list\">\n<li>Una Presidencia: que ser\u00e1 ocupada por el Presidente Municipal o, por el Servidor P\u00fablico que est\u00e9 tenga a bien designar, quien contar\u00e1 con voz y voto de calidad.<\/li>\n\n\n\n<li>Una Coordinaci\u00f3n: que ser\u00e1 ocupada por la persona que sea designada por los dem\u00e1s integrantes del Comit\u00e9 Ciudadano, quien contar\u00e1 con voz y voto.<\/li>\n\n\n\n<li>Una Secretar\u00eda T\u00e9cnica: que ser\u00e1 ocupada por la persona responsable del \u00e1rea de Turismo del municipio, quien contar\u00e1 solo con voz.<\/li>\n\n\n\n<li>Hasta cuatro Vocal\u00edas Ciudadanas: que ser\u00e1n ocupadas por las personas que resulten seleccionadas a trav\u00e9s de la Convocatoria respectiva, quienes contar\u00e1n con voz y voto.<\/li>\n<\/ul>\n\n\n\n<p>Miembros del comit\u00e9:<\/p>\n\n\n\n<ul class=\"wp-block-list\">\n<li>LUIS ARMANDO ALDANA GONZALEZ<\/li>\n\n\n\n<li>JUAN MANUEL SEVILLA GONZALEZ<\/li>\n\n\n\n<li>MARIA CRISTINA RAMIREZ BARRAZA<\/li>\n\n\n\n<li>AURORA YURIDIA VALADEZ PLAZOLA<\/li>\n\n\n\n<li>DOLORES CATALINA IBARRA CORTEZ<\/li>\n\n\n\n<li>MARIA LUISA GABRIELA RAMIREZ OLIVA<\/li>\n\n\n\n<li>VICTOR HUGO MONTES BARBOZA<\/li>\n\n\n\n<li>LANCELOT NANDINO GUTIERREZ<\/li>\n\n\n\n<li>LUIS ALBERTO RAMIREZ BARRAZA<\/li>\n\n\n\n<li>JOSE RAFAEL RUBIO IBARRA<\/li>\n\n\n\n<li>CARLOS ALBERTO ACOSTA GALLEGOS<\/li>\n\n\n\n<li>DIEGO MIGUEL GARCIA HERNANDEZ<\/li>\n\n\n\n<li>MIGUEL RAFAEL FLETES PALACIOS<\/li>\n<\/ul>\n","protected":false},"excerpt":{"rendered":"<p>El Comit\u00e9 de Pueblo M\u00e1gico de Cocula, fue instalado en el municipio de Cocula, Jalisco, el d\u00eda viernes 28 de febrero de 2025. Lo anterior, con fundamento en el reglamento de pueblos m\u00e1gicos en lo establecido por los art\u00edculos 25 de la Constituci\u00f3n Pol\u00edtica de los Estados Unidos Mexicanos; 1, 2, 3 p\u00e1rrafo 1 fracci\u00f3n [&hellip;]<\/p>\n","protected":false},"author":1,"featured_media":0,"parent":0,"menu_order":0,"comment_status":"closed","ping_status":"closed","template":"","meta":{"footnotes":""},"class_list":["post-12768","page","type-page","status-publish","hentry"],"_links":{"self":[{"href":"https:\/\/cocula.gob.mx\/index.php?rest_route=\/wp\/v2\/pages\/12768","targetHints":{"allow":["GET"]}}],"collection":[{"href":"https:\/\/cocula.gob.mx\/index.php?rest_route=\/wp\/v2\/pages"}],"about":[{"href":"https:\/\/cocula.gob.mx\/index.php?rest_route=\/wp\/v2\/types\/page"}],"author":[{"embeddable":true,"href":"https:\/\/cocula.gob.mx\/index.php?rest_route=\/wp\/v2\/users\/1"}],"replies":[{"embeddable":true,"href":"https:\/\/cocula.gob.mx\/index.php?rest_route=%2Fwp%2Fv2%2Fcomments&post=12768"}],"version-history":[{"count":5,"href":"https:\/\/cocula.gob.mx\/index.php?rest_route=\/wp\/v2\/pages\/12768\/revisions"}],"predecessor-version":[{"id":12813,"href":"https:\/\/cocula.gob.mx\/index.php?rest_route=\/wp\/v2\/pages\/12768\/revisions\/12813"}],"wp:attachment":[{"href":"https:\/\/cocula.gob.mx\/index.php?rest_route=%2Fwp%2Fv2%2Fmedia&parent=12768"}],"curies":[{"name":"wp","href":"https:\/\/api.w.org\/{rel}","templated":true}]}}